{"id":420,"date":"2023-11-21T20:41:24","date_gmt":"2023-11-21T19:41:24","guid":{"rendered":"https:\/\/oliviatalmantcollection.fr\/?page_id=420"},"modified":"2025-01-05T23:11:11","modified_gmt":"2025-01-05T22:11:11","slug":"praticiennes-en-massage-de-lumiere","status":"publish","type":"page","link":"https:\/\/oliviatalmantcollection.fr\/index.php\/praticiennes-en-massage-de-lumiere\/","title":{"rendered":"PRATICIENNES EN MASSAGE DE LUMI\u00c8RE"},"content":{"rendered":"<div><ss3-force-full-width data-overflow-x=\"body\" data-horizontal-selector=\"body\"><div class=\"n2-section-smartslider fitvidsignore \" data-ssid=\"71\" tabindex=\"0\" role=\"region\" aria-label=\"Slider\"><div id=\"n2-ss-71-align\" class=\"n2-ss-align\"><div class=\"n2-padding\"><div id=\"n2-ss-71\" data-creator=\"Smart Slider 3\" data-responsive=\"fullwidth\" class=\"n2-ss-slider n2-ow n2-has-hover n2notransition  n2-ss-feature-post-bg-loader\">\r\n        <div class=\"n2-ss-slider-1 n2_ss__touch_element n2-ow\">\r\n            <div class=\"n2-ss-slider-2 n2-ow\">\r\n                                                    <div class=\"n2-ss-background-animation n2-ow\"><\/div>\r\n                                <div class=\"n2-ss-slider-3 n2-ow\">\r\n\r\n                    <div class=\"n2-ss-static-slide n2-ow\"><div class=\"n2-ss-layer n2-ow n-uc-DEaCqyOClEHm\" data-sstype=\"slide\" data-pm=\"default\"><div class=\"n2-ss-layer n2-ow n-uc-pZdkYhItmfbw\" data-pm=\"default\" data-sstype=\"content\" data-hasbackground=\"0\"><div class=\"n2-ss-section-main-content n2-ss-layer-with-background n2-ss-layer-content n2-ow n-uc-pZdkYhItmfbw-inner\"><div class=\"n2-ss-layer n2-ow n2-ss-layer--block n2-ss-has-self-align n-uc-Lvxw9lk1pu8l\" data-pm=\"normal\" data-sstype=\"row\"><div class=\"n2-ss-layer-row n2-ss-layer-with-background n-uc-Lvxw9lk1pu8l-inner\"><div class=\"n2-ss-layer-row-inner \"><div class=\"n2-ss-layer n2-ow n-uc-t4Rj3iuU6dGC\" data-pm=\"default\" data-sstype=\"col\"><div class=\"n2-ss-layer-col n2-ss-layer-with-background n2-ss-layer-content n-uc-t4Rj3iuU6dGC-inner\"><div class=\"n2-ss-layer n2-ow n-uc-rMOkm4u5sxks n2-ss-layer--auto\" data-pm=\"normal\" data-sstype=\"layer\"><div id=\"n2-ss-71item1\" class=\"n2-font-7d55f251d35335c36d6f7c78d05fe3b9-hover   n2-ss-item-content n2-ss-text n2-ow\" style=\"display:inline-block;\"> PRATICIENNES EN MASSAGE DE LUMI\u00c8RE<br><\/div><\/div><\/div><\/div><\/div><\/div><\/div><\/div><\/div><\/div><\/div><div class=\"n2-ss-slide-backgrounds n2-ow-all\"><div class=\"n2-ss-slide-background\" data-public-id=\"1\" data-mode=\"fill\"><div class=\"n2-ss-slide-background-image\" data-blur=\"0\" data-opacity=\"100\" data-x=\"55\" data-y=\"100\" data-alt=\"\" data-title=\"\" style=\"--ss-o-pos-x:55%;--ss-o-pos-y:100%\"><picture class=\"skip-lazy jetpack-lazy-image\" data-skip-lazy=\"1\"><img decoding=\"async\" src=\"\/\/oliviatalmantcollection.fr\/wp-content\/uploads\/2023\/10\/AdobeStock_637519101-scaled.jpeg\" alt=\"\" title=\"\" loading=\"lazy\" class=\"skip-lazy jetpack-lazy-image\" data-skip-lazy=\"1\"><\/picture><\/div><div data-color=\"RGBA(255,255,255,0)\" style=\"background-color: RGBA(255,255,255,0);\" class=\"n2-ss-slide-background-color\"><\/div><\/div><div class=\"n2-ss-slide-background\" data-public-id=\"2\" data-mode=\"fill\"><div class=\"n2-ss-slide-background-image\" data-blur=\"0\" data-opacity=\"100\" data-x=\"55\" data-y=\"100\" data-alt=\"\" data-title=\"\" style=\"--ss-o-pos-x:55%;--ss-o-pos-y:100%\"><picture class=\"skip-lazy jetpack-lazy-image\" data-skip-lazy=\"1\"><img decoding=\"async\" src=\"\/\/oliviatalmantcollection.fr\/wp-content\/uploads\/2023\/10\/AdobeStock_637519101-scaled.jpeg\" alt=\"\" title=\"\" loading=\"lazy\" class=\"skip-lazy jetpack-lazy-image\" data-skip-lazy=\"1\"><\/picture><\/div><div data-color=\"RGBA(255,255,255,0)\" style=\"background-color: RGBA(255,255,255,0);\" class=\"n2-ss-slide-background-color\"><\/div><\/div><\/div>                    <div class=\"n2-ss-slider-4 n2-ow\">\r\n                        <svg xmlns=\"http:\/\/www.w3.org\/2000\/svg\" viewBox=\"0 0 1200 600\" data-related-device=\"desktopPortrait\" class=\"n2-ow n2-ss-preserve-size n2-ss-preserve-size--slider n2-ss-slide-limiter\"><\/svg><div data-first=\"1\" data-slide-duration=\"0\" data-id=\"155\" data-slide-public-id=\"1\" data-title=\"Offres cadeaux\" class=\"n2-ss-slide n2-ow  n2-ss-slide-155\"><div role=\"note\" class=\"n2-ss-slide--focus\" tabindex=\"-1\">Offres cadeaux<\/div><div class=\"n2-ss-layers-container n2-ss-slide-limiter n2-ow\"><div class=\"n2-ss-layer n2-ow n-uc-yyaQUjFOSTZS\" data-sstype=\"slide\" data-pm=\"default\"><\/div><\/div><\/div><div data-slide-duration=\"0\" data-id=\"155\" data-slide-public-id=\"2\" data-title=\"Offres cadeaux\" class=\"n2-ss-slide n2-ow  n2-ss-slide-155\"><div role=\"note\" class=\"n2-ss-slide--focus\" tabindex=\"-1\">Offres cadeaux<\/div><div class=\"n2-ss-layers-container n2-ss-slide-limiter n2-ow\"><div class=\"n2-ss-layer n2-ow n-uc-WPJyeKS3d4io\" data-sstype=\"slide\" data-pm=\"default\"><\/div><\/div><\/div>                    <\/div>\r\n\r\n                                    <\/div>\r\n            <\/div>\r\n        <\/div>\r\n        <\/div><ss3-loader><\/ss3-loader><\/div><\/div><div class=\"n2_clear\"><\/div><\/div><\/ss3-force-full-width><\/div>\n\n\n<div style=\"height:48px\" aria-hidden=\"true\" class=\"wp-block-spacer\"><\/div>\n\n\n\n<h1 class=\"wp-block-heading has-text-align-center\" style=\"text-transform:uppercase\"><em><strong> d\u00e9couvrez vos nouvelles Praticiennes certifi\u00e9es en massage de Lumi\u00e8re <\/strong><\/em><\/h1>\n\n\n\n<div style=\"height:64px\" aria-hidden=\"true\" class=\"wp-block-spacer\"><\/div>\n\n\n\n<div id=\"storelocatorwidget\" style=\"width:100%;\"><p>Loading <a href=\"https:\/\/www.storelocatorwidgets.com\">Store Locator Software<\/a>&#8230;<\/p><\/div>\n<script type=\"text\/javascript\" id=\"storelocatorscript\" data-uid=\"125f4f5eefa6ae516ca3547536e7a752\" data-language=\"francais\" src=\"\/\/cdn.storelocatorwidgets.com\/widget\/widget.js\"><\/script>\n<script type=\"text\/javascript\" id=\"googlemapsscript\" src=\"\/\/maps.googleapis.com\/maps\/api\/js?key=AIzaSyBxfsJatA5wSFsah6r_dB8vttEufyQH0LE&#038;libraries=places&#038;callback=storeLocatorGoogleMapsCallback\"><\/script>\n","protected":false},"excerpt":{"rendered":"<p>d\u00e9couvrez vos nouvelles Praticiennes certifi\u00e9es en massage de Lumi\u00e8re Loading Store Locator Software&#8230;<\/p>\n","protected":false},"author":1,"featured_media":114,"parent":0,"menu_order":0,"comment_status":"closed","ping_status":"closed","template":"","meta":{"footnotes":""},"class_list":["post-420","page","type-page","status-publish","has-post-thumbnail","hentry","latest_post"],"jetpack_sharing_enabled":true,"_links":{"self":[{"href":"https:\/\/oliviatalmantcollection.fr\/index.php\/wp-json\/wp\/v2\/pages\/420","targetHints":{"allow":["GET"]}}],"collection":[{"href":"https:\/\/oliviatalmantcollection.fr\/index.php\/wp-json\/wp\/v2\/pages"}],"about":[{"href":"https:\/\/oliviatalmantcollection.fr\/index.php\/wp-json\/wp\/v2\/types\/page"}],"author":[{"embeddable":true,"href":"https:\/\/oliviatalmantcollection.fr\/index.php\/wp-json\/wp\/v2\/users\/1"}],"replies":[{"embeddable":true,"href":"https:\/\/oliviatalmantcollection.fr\/index.php\/wp-json\/wp\/v2\/comments?post=420"}],"version-history":[{"count":19,"href":"https:\/\/oliviatalmantcollection.fr\/index.php\/wp-json\/wp\/v2\/pages\/420\/revisions"}],"predecessor-version":[{"id":1427,"href":"https:\/\/oliviatalmantcollection.fr\/index.php\/wp-json\/wp\/v2\/pages\/420\/revisions\/1427"}],"wp:featuredmedia":[{"embeddable":true,"href":"https:\/\/oliviatalmantcollection.fr\/index.php\/wp-json\/wp\/v2\/media\/114"}],"wp:attachment":[{"href":"https:\/\/oliviatalmantcollection.fr\/index.php\/wp-json\/wp\/v2\/media?parent=420"}],"curies":[{"name":"wp","href":"https:\/\/api.w.org\/{rel}","templated":true}]}}