{"id":438,"date":"2023-11-21T22:18:21","date_gmt":"2023-11-21T21:18:21","guid":{"rendered":"https:\/\/oliviatalmantcollection.fr\/?page_id=438"},"modified":"2023-11-23T18:56:07","modified_gmt":"2023-11-23T17:56:07","slug":"diplomes-certifications","status":"publish","type":"page","link":"https:\/\/oliviatalmantcollection.fr\/index.php\/diplomes-certifications\/","title":{"rendered":"DIPLOMES &#038; CERTIFICATIONS"},"content":{"rendered":"<div><ss3-force-full-width data-overflow-x=\"body\" data-horizontal-selector=\"body\"><div class=\"n2-section-smartslider fitvidsignore \" data-ssid=\"73\" tabindex=\"0\" role=\"region\" aria-label=\"Slider\"><div id=\"n2-ss-73-align\" class=\"n2-ss-align\"><div class=\"n2-padding\"><div id=\"n2-ss-73\" data-creator=\"Smart Slider 3\" data-responsive=\"fullwidth\" class=\"n2-ss-slider n2-ow n2-has-hover n2notransition  n2-ss-feature-post-bg-loader\">\r\n        <div class=\"n2-ss-slider-1 n2_ss__touch_element n2-ow\">\r\n            <div class=\"n2-ss-slider-2 n2-ow\">\r\n                                                    <div class=\"n2-ss-background-animation n2-ow\"><\/div>\r\n                                <div class=\"n2-ss-slider-3 n2-ow\">\r\n\r\n                    <div class=\"n2-ss-static-slide n2-ow\"><div class=\"n2-ss-layer n2-ow n-uc-QXZZURe0n3r2\" data-sstype=\"slide\" data-pm=\"default\"><div class=\"n2-ss-layer n2-ow n-uc-mUQ1SZbRT9GK\" data-pm=\"default\" data-sstype=\"content\" data-hasbackground=\"0\"><div class=\"n2-ss-section-main-content n2-ss-layer-with-background n2-ss-layer-content n2-ow n-uc-mUQ1SZbRT9GK-inner\"><div class=\"n2-ss-layer n2-ow n2-ss-layer--block n2-ss-has-self-align n-uc-kO06OahFnwUk\" data-pm=\"normal\" data-sstype=\"row\"><div class=\"n2-ss-layer-row n2-ss-layer-with-background n-uc-kO06OahFnwUk-inner\"><div class=\"n2-ss-layer-row-inner \"><div class=\"n2-ss-layer n2-ow n-uc-nUeacCwyYOXq\" data-pm=\"default\" data-sstype=\"col\"><div class=\"n2-ss-layer-col n2-ss-layer-with-background n2-ss-layer-content n-uc-nUeacCwyYOXq-inner\"><div class=\"n2-ss-layer n2-ow n-uc-bskk835LbL3x n2-ss-layer--auto\" data-pm=\"normal\" data-sstype=\"layer\"><div id=\"n2-ss-73item1\" class=\"n2-font-7d55f251d35335c36d6f7c78d05fe3b9-hover   n2-ss-item-content n2-ss-text n2-ow\" style=\"display:inline-block;\">DIPL\u00d4MES &amp; CERTIFICATIONS<br><\/div><\/div><\/div><\/div><\/div><\/div><\/div><\/div><\/div><\/div><\/div><div class=\"n2-ss-slide-backgrounds n2-ow-all\"><div class=\"n2-ss-slide-background\" data-public-id=\"1\" data-mode=\"fill\"><div class=\"n2-ss-slide-background-image\" data-blur=\"0\" data-opacity=\"100\" data-x=\"55\" data-y=\"44\" data-alt=\"\" data-title=\"\" style=\"--ss-o-pos-x:55%;--ss-o-pos-y:44%\"><picture class=\"skip-lazy jetpack-lazy-image\" data-skip-lazy=\"1\"><img decoding=\"async\" src=\"\/\/oliviatalmantcollection.fr\/wp-content\/uploads\/2023\/11\/AdobeStock_52630820-scaled.jpeg\" alt=\"\" title=\"\" loading=\"lazy\" class=\"skip-lazy jetpack-lazy-image\" data-skip-lazy=\"1\"><\/picture><\/div><div data-color=\"RGBA(255,255,255,0)\" style=\"background-color: RGBA(255,255,255,0);\" class=\"n2-ss-slide-background-color\"><\/div><\/div><div class=\"n2-ss-slide-background\" data-public-id=\"2\" data-mode=\"fill\"><div class=\"n2-ss-slide-background-image\" data-blur=\"0\" data-opacity=\"100\" data-x=\"55\" data-y=\"44\" data-alt=\"\" data-title=\"\" style=\"--ss-o-pos-x:55%;--ss-o-pos-y:44%\"><picture class=\"skip-lazy jetpack-lazy-image\" data-skip-lazy=\"1\"><img decoding=\"async\" src=\"\/\/oliviatalmantcollection.fr\/wp-content\/uploads\/2023\/11\/AdobeStock_52630820-scaled.jpeg\" alt=\"\" title=\"\" loading=\"lazy\" class=\"skip-lazy jetpack-lazy-image\" data-skip-lazy=\"1\"><\/picture><\/div><div data-color=\"RGBA(255,255,255,0)\" style=\"background-color: RGBA(255,255,255,0);\" class=\"n2-ss-slide-background-color\"><\/div><\/div><\/div>                    <div class=\"n2-ss-slider-4 n2-ow\">\r\n                        <svg xmlns=\"http:\/\/www.w3.org\/2000\/svg\" viewBox=\"0 0 1200 600\" data-related-device=\"desktopPortrait\" class=\"n2-ow n2-ss-preserve-size n2-ss-preserve-size--slider n2-ss-slide-limiter\"><\/svg><div data-first=\"1\" data-slide-duration=\"0\" data-id=\"160\" data-slide-public-id=\"1\" data-title=\"Offres cadeaux\" class=\"n2-ss-slide n2-ow  n2-ss-slide-160\"><div role=\"note\" class=\"n2-ss-slide--focus\" tabindex=\"-1\">Offres cadeaux<\/div><div class=\"n2-ss-layers-container n2-ss-slide-limiter n2-ow\"><div class=\"n2-ss-layer n2-ow n-uc-WaMYPLZbAAIG\" data-sstype=\"slide\" data-pm=\"default\"><\/div><\/div><\/div><div data-slide-duration=\"0\" data-id=\"160\" data-slide-public-id=\"2\" data-title=\"Offres cadeaux\" class=\"n2-ss-slide n2-ow  n2-ss-slide-160\"><div role=\"note\" class=\"n2-ss-slide--focus\" tabindex=\"-1\">Offres cadeaux<\/div><div class=\"n2-ss-layers-container n2-ss-slide-limiter n2-ow\"><div class=\"n2-ss-layer n2-ow n-uc-w3oDpXQwqEQ4\" data-sstype=\"slide\" data-pm=\"default\"><\/div><\/div><\/div>                    <\/div>\r\n\r\n                                    <\/div>\r\n            <\/div>\r\n        <\/div>\r\n        <\/div><ss3-loader><\/ss3-loader><\/div><\/div><div class=\"n2_clear\"><\/div><\/div><\/ss3-force-full-width><\/div>\n\n\n<div style=\"height:72px\" aria-hidden=\"true\" class=\"wp-block-spacer\"><\/div>\n\n\n\n<figure class=\"wp-block-table is-style-stripes\" style=\"font-size:12px;font-style:normal;font-weight:300\"><table class=\"has-fixed-layout\"><tbody><tr><td><\/td><\/tr><tr><td>Dipl\u00f4m\u00e9e : <strong>Certificat d&#8217;Aptitude professionnel ESTH\u00c9TIQUE, COSM\u00c9TIQUE, PARFUMERIE <\/strong>(\u00c9cole Camille S\u00e9line au Chesnay)<\/td><\/tr><tr><td>Certifi\u00e9e: <strong>Massage bien-\u00eatre pr\u00e9-natal \/ femme enceinte<\/strong> (Ecole Camille-S\u00e9line au Chesnay)<\/td><\/tr><tr><td>Certifi\u00e9e: <strong>Facialiste Holistique <\/strong>(\u00c9cole de massages holistiques ETIC Massage \u00e0 Montpellier)<\/td><\/tr><tr><td>Certifi\u00e9e: <strong>Drainage Lymphatique Visage <\/strong>(\u00c9cole de massages holistiques ETIC Massage \u00e0 Montpellier)<\/td><\/tr><tr><td>Certifi\u00e9e: <strong>Modelage FaciAlchimie\u00ae<\/strong>(\u00c9cole de massages holistiques ETIC Massage \u00e0 Montpellier)<\/td><\/tr><tr><td>Certifi\u00e9e: <strong>Massage facial Japonais &#8220;inspir\u00e9 du Kobido&#8221; <\/strong>(\u00c9cole de massages holistiques ETIC Massage \u00e0 Montpellier)<\/td><\/tr><tr><td>Certifi\u00e9e: <strong>Yoga<\/strong> <strong>&amp; lecture du visage <\/strong> ( \u00c9cole de massages holistiques ETIC Massage \u00e0 Montpellier)<\/td><\/tr><tr><td>Certifi\u00e9e: <strong>Massage Lift Visage aux ventouses<\/strong> <strong>&amp; ridokis <\/strong>(\u00c9cole de massages holistiques ETIC Massage \u00e0 Montpellier)<\/td><\/tr><tr><td>Certifi\u00e9e: <strong>Anatomie Palpatoire &amp; Techniques de manipulations faciales douces<\/strong>, cr\u00e2ne, visage &amp; cou ( \u00c9cole de massages holistiques ETIC Massage \u00e0 Montpellier)<\/td><\/tr><tr><td>Certifi\u00e9e: <strong>Yoga<\/strong> <strong>&amp; lecture du visage <\/strong> ( \u00c9cole de massages holistiques ETIC Massage \u00e0 Montpellier)<\/td><\/tr><tr><td>Certifi\u00e9e: <strong>Yoga du visage &amp; auto-massage<\/strong> ( \u00c9cole de massages holistiques ETIC Massage \u00e0 Montpellier)<\/td><\/tr><tr><td>Certifi\u00e9e: <strong>Soin peeling chimique <\/strong>(Laboratoire Phyt&#8217;s)<\/td><\/tr><tr><td>Certifi\u00e9e: <strong>Massage bien-\u00eatre Tuina<\/strong> ( (Ecrin Originel)<\/td><\/tr><tr><td>Certifi\u00e9e: Suivi de formation chez Starvac pour la Pressodynamie\u00ae<\/td><\/tr><tr><td>Certifi\u00e9e: <strong>Naturo-esth\u00e9ticienne<\/strong> (Laboratoire Phyt&#8217;s)<\/td><\/tr><tr><td>Certifi\u00e9e: <strong>Initiation \u00e0 la Litho-th\u00e9rapie <\/strong>(Maelyne Formation)<\/td><\/tr><tr><td>Certifi\u00e9e: <strong>Massage bien-\u00eatre aux pierres chaudes<\/strong> (Maelyne Formation)<\/td><\/tr><tr><td>Certifi\u00e9e: <strong>Soin sp\u00e9cifique visage Collag\u00e8ne<\/strong> ( \u00c9cole Camille S\u00e9line au Chesnay)<\/td><\/tr><tr><td>Certifi\u00e9e: <strong>Soin du corps amincissant et raffermissant <\/strong>( \u00c9cole Camille S\u00e9line au Chesnay)<\/td><\/tr><tr><td>Certifi\u00e9e : <strong>Drainage Lymphatique de la M\u00e9thode RENATA Fran\u00e7a<\/strong><\/td><\/tr><tr><td>Certifi\u00e9e : <strong>Miracle FACE de la M\u00e9thode RENATA Fran\u00e7a<\/strong><\/td><\/tr><tr><td>Certifi\u00e9e : <strong>Massage Remodelage de la M\u00e9thode RENATA Fran\u00e7a<\/strong><\/td><\/tr><tr><td>Certifi\u00e9e: <strong>Massage Indien Ayurv\u00e9dique<\/strong> (Bio &amp; Bien \u00catre E. Tatibouet )<\/td><\/tr><tr><td>Certifi\u00e9e: <strong>Massage Sportif<\/strong> (\u00c9cole Camille S\u00e9line au Chesnay)<\/td><\/tr><tr><td>Certifi\u00e9e: <strong>Drainage lymphatique manuel esth\u00e9tique<\/strong> M\u00e9thode Vodder (\u00c9cole Camille S\u00e9line au Chesnay)<\/td><\/tr><tr><td>Certifi\u00e9e: <strong>Soin sp\u00e9cifique visage collag\u00e8ne<\/strong> (\u00c9cole Camille S\u00e9line au Chesnay)<\/td><\/tr><tr><td>Certifi\u00e9e: <strong>Maquillage<\/strong>, artiste du maquillage (Formation ICOES Trendimi)<\/td><\/tr><tr><td><strong>Certificat AMINCISSANT \u00c9nerg\u00e9tique<\/strong> ABEM<br>(ARC Formation Arnault RICHARD DE CHICOURT \u00e0 Boulogne Billancourt)<\/td><\/tr><tr><td><strong>Certificat d&#8217;Aptitude au Magn\u00e9tisme Curatif<\/strong> &#8220;Nouvelle Connexion&#8221; (ARC Formation Arnault RICHARD DE CHICOURT \u00e0 Boulogne Billancourt)<\/td><\/tr><tr><td><font style=\"vertical-align: inherit;\"><font style=\"vertical-align: inherit;\">Certifi\u00e9e: <\/font><\/font><strong><font style=\"vertical-align: inherit;\"><font style=\"vertical-align: inherit;\">Reiki 1 &amp;  2<\/font><\/font><\/strong><font style=\"vertical-align: inherit;\"><font style=\"vertical-align: inherit;\"> M\u00e9thode Usui (F. Bonaly)<\/font><\/font><\/td><\/tr><tr><td><font style=\"vertical-align: inherit;\"><font style=\"vertical-align: inherit;\">Dipl\u00f4m\u00e9e&nbsp;: <strong>Brevet Professionnel PR\u00c9PARATEUR EN PHARMACIE<\/strong><\/font><\/font> <font style=\"vertical-align: inherit;\"><font style=\"vertical-align: inherit;\">(L\u00e9onard de Vinci \u00e0 Montpellier)<\/font><\/font><\/td><\/tr><\/tbody><\/table><\/figure>\n","protected":false},"excerpt":{"rendered":"<p>Dipl\u00f4m\u00e9e : Certificat d&#8217;Aptitude professionnel ESTH\u00c9TIQUE, COSM\u00c9TIQUE, PARFUMERIE (\u00c9cole Camille S\u00e9line au Chesnay) Certifi\u00e9e: Massage bien-\u00eatre pr\u00e9-natal \/ femme enceinte (Ecole Camille-S\u00e9line au Chesnay) Certifi\u00e9e: Facialiste Holistique (\u00c9cole de massages &hellip; <\/p>\n","protected":false},"author":1,"featured_media":0,"parent":0,"menu_order":0,"comment_status":"closed","ping_status":"closed","template":"","meta":{"footnotes":""},"class_list":["post-438","page","type-page","status-publish","hentry","latest_post"],"jetpack_sharing_enabled":true,"_links":{"self":[{"href":"https:\/\/oliviatalmantcollection.fr\/index.php\/wp-json\/wp\/v2\/pages\/438","targetHints":{"allow":["GET"]}}],"collection":[{"href":"https:\/\/oliviatalmantcollection.fr\/index.php\/wp-json\/wp\/v2\/pages"}],"about":[{"href":"https:\/\/oliviatalmantcollection.fr\/index.php\/wp-json\/wp\/v2\/types\/page"}],"author":[{"embeddable":true,"href":"https:\/\/oliviatalmantcollection.fr\/index.php\/wp-json\/wp\/v2\/users\/1"}],"replies":[{"embeddable":true,"href":"https:\/\/oliviatalmantcollection.fr\/index.php\/wp-json\/wp\/v2\/comments?post=438"}],"version-history":[{"count":8,"href":"https:\/\/oliviatalmantcollection.fr\/index.php\/wp-json\/wp\/v2\/pages\/438\/revisions"}],"predecessor-version":[{"id":482,"href":"https:\/\/oliviatalmantcollection.fr\/index.php\/wp-json\/wp\/v2\/pages\/438\/revisions\/482"}],"wp:attachment":[{"href":"https:\/\/oliviatalmantcollection.fr\/index.php\/wp-json\/wp\/v2\/media?parent=438"}],"curies":[{"name":"wp","href":"https:\/\/api.w.org\/{rel}","templated":true}]}}