{"id":71,"date":"2023-10-27T11:09:38","date_gmt":"2023-10-27T09:09:38","guid":{"rendered":"https:\/\/oliviatalmantcollection.fr\/?page_id=71"},"modified":"2024-05-07T21:25:16","modified_gmt":"2024-05-07T19:25:16","slug":"massage-de-lumiere","status":"publish","type":"page","link":"https:\/\/oliviatalmantcollection.fr\/index.php\/massage-de-lumiere\/","title":{"rendered":"MASSAGE DE LUMIERE"},"content":{"rendered":"\n\n\n\n<div><ss3-force-full-width data-overflow-x=\"body\" data-horizontal-selector=\"body\"><div class=\"n2-section-smartslider fitvidsignore \" data-ssid=\"51\" tabindex=\"0\" role=\"region\" aria-label=\"Slider\"><div id=\"n2-ss-51-align\" class=\"n2-ss-align\"><div class=\"n2-padding\"><div id=\"n2-ss-51\" data-creator=\"Smart Slider 3\" data-responsive=\"fullwidth\" class=\"n2-ss-slider n2-ow n2-has-hover n2notransition  n2-ss-feature-post-bg-loader\">\r\n        <div class=\"n2-ss-slider-1 n2_ss__touch_element n2-ow\">\r\n            <div class=\"n2-ss-slider-2 n2-ow\">\r\n                                                    <div class=\"n2-ss-background-animation n2-ow\"><\/div>\r\n                                <div class=\"n2-ss-slider-3 n2-ow\">\r\n\r\n                    <div class=\"n2-ss-static-slide n2-ow\"><div class=\"n2-ss-layer n2-ow n-uc-k5SXSFr23eus\" data-sstype=\"slide\" data-pm=\"default\"><div class=\"n2-ss-layer n2-ow n-uc-UsYXGH2Iexly\" data-pm=\"default\" data-sstype=\"content\" data-hasbackground=\"0\"><div class=\"n2-ss-section-main-content n2-ss-layer-with-background n2-ss-layer-content n2-ow n-uc-UsYXGH2Iexly-inner\"><div class=\"n2-ss-layer n2-ow n2-ss-layer--block n2-ss-has-self-align n-uc-OdQ18y544HTA\" data-pm=\"normal\" data-sstype=\"row\"><div class=\"n2-ss-layer-row n2-ss-layer-with-background n-uc-OdQ18y544HTA-inner\"><div class=\"n2-ss-layer-row-inner \"><div class=\"n2-ss-layer n2-ow n-uc-nkOtANmtnpOA\" data-pm=\"default\" data-sstype=\"col\"><div class=\"n2-ss-layer-col n2-ss-layer-with-background n2-ss-layer-content n-uc-nkOtANmtnpOA-inner\"><div class=\"n2-ss-layer n2-ow n-uc-3IIrL7VTUZuG n2-ss-layer--auto\" data-pm=\"normal\" data-sstype=\"layer\"><div id=\"n2-ss-51item1\" class=\"n2-font-457fefa62b6c36db7a552284aeb37b1b-hover   n2-ss-item-content n2-ss-text n2-ow\" style=\"display:inline-block;\">MASSAGE DE LUMI\u00c8RE \u00c0 LA BOUGIE<\/div><\/div><\/div><\/div><\/div><\/div><\/div><\/div><\/div><\/div><\/div><div class=\"n2-ss-slide-backgrounds n2-ow-all\"><div class=\"n2-ss-slide-background\" data-public-id=\"1\" data-mode=\"fill\"><video class=\"n2-ss-slide-background-video intrinsic-ignore data-tf-not-load\" style=\"opacity:1;\" data-mode=\"fill\" playsinline=\"playsinline\" webkit-playsinline=\"webkit-playsinline\" onloadstart=\"this.n2LoadStarted=1;\" data-keepplaying=\"1\" preload=\"none\" muted=\"muted\" loop=\"loop\" data-reset-slide-change=\"1\"><source src=\"\/\/oliviatalmantcollection.fr\/wp-content\/uploads\/slider51\/sdc-massage-signature-v1.mp4\" type=\"video\/mp4\"><\/video><div data-color=\"RGBA(255,255,255,0)\" style=\"background-color: RGBA(255,255,255,0);\" class=\"n2-ss-slide-background-color\"><\/div><\/div><div class=\"n2-ss-slide-background\" data-public-id=\"2\" data-mode=\"fill\"><video class=\"n2-ss-slide-background-video intrinsic-ignore data-tf-not-load\" style=\"opacity:1;\" data-mode=\"fill\" playsinline=\"playsinline\" webkit-playsinline=\"webkit-playsinline\" onloadstart=\"this.n2LoadStarted=1;\" data-keepplaying=\"1\" preload=\"none\" muted=\"muted\" loop=\"loop\" data-reset-slide-change=\"1\"><source src=\"\/\/oliviatalmantcollection.fr\/wp-content\/uploads\/slider51\/sdc-massage-signature-v1.mp4\" type=\"video\/mp4\"><\/video><div data-color=\"RGBA(255,255,255,0)\" style=\"background-color: RGBA(255,255,255,0);\" class=\"n2-ss-slide-background-color\"><\/div><\/div><\/div>                    <div class=\"n2-ss-slider-4 n2-ow\">\r\n                        <svg xmlns=\"http:\/\/www.w3.org\/2000\/svg\" viewBox=\"0 0 1200 600\" data-related-device=\"desktopPortrait\" class=\"n2-ow n2-ss-preserve-size n2-ss-preserve-size--slider n2-ss-slide-limiter\"><\/svg><div data-first=\"1\" data-slide-duration=\"0\" data-id=\"106\" data-slide-public-id=\"1\" data-title=\"Massage Signature\" class=\"n2-ss-slide n2-ow  n2-ss-slide-106\"><div role=\"note\" class=\"n2-ss-slide--focus\" tabindex=\"-1\">Massage Signature<\/div><div class=\"n2-ss-layers-container n2-ss-slide-limiter n2-ow\"><div class=\"n2-ss-layer n2-ow n-uc-iL4gLgeH92G6\" data-sstype=\"slide\" data-pm=\"default\"><\/div><\/div><\/div><div data-slide-duration=\"0\" data-id=\"106\" data-slide-public-id=\"2\" data-title=\"Massage Signature\" class=\"n2-ss-slide n2-ow  n2-ss-slide-106\"><div role=\"note\" class=\"n2-ss-slide--focus\" tabindex=\"-1\">Massage Signature<\/div><div class=\"n2-ss-layers-container n2-ss-slide-limiter n2-ow\"><div class=\"n2-ss-layer n2-ow n-uc-IkNMt19BtD42\" data-sstype=\"slide\" data-pm=\"default\"><\/div><\/div><\/div>                    <\/div>\r\n\r\n                                    <\/div>\r\n            <\/div>\r\n        <\/div>\r\n        <\/div><ss3-loader><\/ss3-loader><\/div><\/div><div class=\"n2_clear\"><\/div><\/div><\/ss3-force-full-width><\/div>\n\n\n<div style=\"height:56px\" aria-hidden=\"true\" class=\"wp-block-spacer\"><\/div>\n\n\n\n<p class=\"has-text-align-center has-text-color has-link-color wp-elements-8e4aa56c3013b3cc183d9f83fbdcefed\" style=\"color:#beaa8e\">MASSAGE ENERGETIQUE A LA BOUGIE LA DIVINE MARINE                                                       &#8211; COLLECTION OLIVIA TALMANT-<\/p>\n\n\n\n<p class=\"has-text-align-center\" style=\"font-size:14px\"><strong><em>Bleu est l\u2019horizon\u2026<\/em><\/strong><\/p>\n\n\n\n<p class=\"has-text-align-center\" style=\"font-size:14px;font-style:normal;font-weight:300\">Embarquez pour un voyage sensoriel unique autour de S\u00e8te et de la Petite Camargue.<br>J\u2019ai cr\u00e9\u00e9 pour vous la bougie de massage La divine Marine, en s\u00e9lectionnant des fragrances aquatiques qui me rappellent la r\u00e9gion de mon enfance, qui \u00e9voquent le bord de mer, le vent salin et le sable chauff\u00e9 au soleil.<\/p>\n\n\n\n<div style=\"height:46px\" aria-hidden=\"true\" class=\"wp-block-spacer\"><\/div>\n\n\n\n\n\n\n\n\n\n\n\n\n\n\n\n\n\n\n\n\n\n\n\n\n\n\n\n\n\n\n\n\n\n\n\n\n\n\n\n\n\n\n<div class=\"n2-section-smartslider fitvidsignore \" data-ssid=\"52\" tabindex=\"0\" role=\"region\" aria-label=\"Slider\"><div id=\"n2-ss-52-align\" class=\"n2-ss-align\"><div class=\"n2-padding\"><div id=\"n2-ss-52\" data-creator=\"Smart Slider 3\" data-responsive=\"auto\" class=\"n2-ss-slider n2-ow n2-has-hover n2notransition  n2-ss-feature-post-bg-loader\">\r\n        <div class=\"n2-ss-slider-1 n2_ss__touch_element n2-ow\" style=\"border-top-right-radius: 5px;\r\nborder-top-left-radius: 5px;\r\nz-index: 1;\r\noverflow: hidden;\">\r\n            <div class=\"n2-ss-slider-2 n2-ow\">\r\n                                                    <div class=\"n2-ss-background-animation n2-ow\"><\/div>\r\n                                <div class=\"n2-ss-slider-3 n2-ow\">\r\n\r\n                    <div class=\"n2-ss-slide-backgrounds n2-ow-all\"><div class=\"n2-ss-slide-background\" data-public-id=\"1\" data-mode=\"fill\"><div class=\"n2-ss-slide-background-image\" data-blur=\"0\" data-opacity=\"78\" data-x=\"95\" data-y=\"0\" data-alt=\"\" data-title=\"\" style=\"opacity:0.78;--ss-o-pos-x:95%;--ss-o-pos-y:0%\"><picture class=\"skip-lazy jetpack-lazy-image\" data-skip-lazy=\"1\"><img decoding=\"async\" src=\"\/\/oliviatalmantcollection.fr\/wp-content\/uploads\/2023\/10\/AdobeStock_632919532-scaled.jpeg\" alt=\"\" title=\"\" loading=\"lazy\" class=\"skip-lazy jetpack-lazy-image\" data-skip-lazy=\"1\"><\/picture><\/div><div data-color=\"RGBA(255,255,255,1)\" style=\"background-color: RGBA(255,255,255,1);\" class=\"n2-ss-slide-background-color\"><\/div><\/div><\/div>                    <div class=\"n2-ss-slider-4 n2-ow\">\r\n                        <svg xmlns=\"http:\/\/www.w3.org\/2000\/svg\" viewBox=\"0 0 1200 600\" data-related-device=\"desktopPortrait\" class=\"n2-ow n2-ss-preserve-size n2-ss-preserve-size--slider n2-ss-slide-limiter\"><\/svg><div data-first=\"1\" data-slide-duration=\"0\" data-id=\"108\" data-slide-public-id=\"1\" data-title=\"Soin visage peaux jeunes classique\" class=\"n2-ss-slide n2-ow  n2-ss-slide-108\"><div role=\"note\" class=\"n2-ss-slide--focus\" tabindex=\"-1\">Soin visage peaux jeunes classique<\/div><div class=\"n2-ss-layers-container n2-ss-slide-limiter n2-ow\"><div class=\"n2-ss-layer n2-ow n-uc-Bm6IHYMEX089\" data-sstype=\"slide\" data-pm=\"default\"><div class=\"n2-ss-layer n2-ow n-uc-MndUMNUylhIc\" data-pm=\"default\" data-sstype=\"content\" data-hasbackground=\"0\"><div class=\"n2-ss-section-main-content n2-ss-layer-with-background n2-ss-layer-content n2-ow n-uc-MndUMNUylhIc-inner\"><div class=\"n2-ss-layer n2-ow n-uc-atbGI8JLt6VF\" data-pm=\"normal\" data-animv2=\"{&quot;basic&quot;:{&quot;in&quot;:{&quot;keyFrames&quot;:[{&quot;duration&quot;:0.65,&quot;opacity&quot;:0,&quot;x&quot;:&quot;-50&quot;}]}}}\" data-sstype=\"layer\"><div class=\"n2-ss-item-content n2-ss-text n2-ow-all\"><div class=\"\"><p class=\"n2-font-c5531739d00d93091f6d900a59cfc69d-paragraph   \">MASSAGE DE LUMIERE<br \/>\nLA DIVINE MARINE<\/p>\n<\/div><\/div><\/div><div class=\"n2-ss-layer n2-ow n-uc-P18PH1SfLIme\" data-pm=\"normal\" data-animv2=\"{&quot;basic&quot;:{&quot;in&quot;:{&quot;keyFrames&quot;:[{&quot;duration&quot;:0.65,&quot;delay&quot;:0.1,&quot;opacity&quot;:0,&quot;x&quot;:&quot;-50&quot;}]}}}\" data-sstype=\"layer\"><div class=\"n2-ss-item-content n2-ss-text n2-ow-all\"><div class=\"\"><p class=\"n2-font-a13eb00d6fd6950ac0e2a2a96462a27c-paragraph   \">Apr\u00e8s allumage, la cire naturelle, r\u00e9hauss\u00e9e de notes florales et m\u00e9diterran\u00e9ennes, se transforme en une huile-cr\u00e8me fondante et ultra nourrissante.<\/p>\n<p class=\"n2-font-a13eb00d6fd6950ac0e2a2a96462a27c-paragraph   \">Vers\u00e9e chaude au creux de ma main, elle offre un toucher particulier, pour un massage lent, profond, incroyablement doux et relaxant.<\/p>\n<\/div><\/div><\/div><div class=\"n2-ss-layer n2-ow n2-ss-layer--block n2-ss-has-self-align n-uc-mlvOKV4k9k3Q\" data-pm=\"normal\" data-sstype=\"row\"><div class=\"n2-ss-layer-row n2-ss-layer-with-background n-uc-mlvOKV4k9k3Q-inner\"><div class=\"n2-ss-layer-row-inner \"><div class=\"n2-ss-layer n2-ow n-uc-dKgaKWbyLhM8\" data-pm=\"default\" data-animv2=\"{&quot;specialZero&quot;:0,&quot;basic&quot;:{&quot;in&quot;:{&quot;transformOrigin&quot;:&quot;0|*|50|*|0&quot;,&quot;keyFrames&quot;:[{&quot;delay&quot;:0.3,&quot;opacity&quot;:0,&quot;rotationY&quot;:-90}]}}}\" data-sstype=\"col\"><div class=\"n2-ss-layer-col n2-ss-layer-with-background n2-ss-layer-content n-uc-dKgaKWbyLhM8-inner\"><div class=\"n2-ss-layer n2-ow n-uc-0nPPiEfrU6rZ\" style=\"overflow:hidden;\" data-pm=\"normal\" data-animv2=\"{&quot;basic&quot;:{&quot;in&quot;:{&quot;keyFrames&quot;:[{&quot;delay&quot;:1.2,&quot;opacity&quot;:0,&quot;x&quot;:&quot;20&quot;}]}}}\" data-sstype=\"layer\" data-animatableselector=\".n2-ss-layer-mask\"><div class=\"n2-ss-layer-mask n2-ss-layer-wrapper\"><div id=\"n2-ss-52item3\" class=\"n2-font-050a59e83d45d3f35627e2fdf64afa5c-hover   n2-ss-item-content n2-ss-text n2-ow\" style=\"display:block;white-space:nowrap;\">TARIFS<\/div><\/div><\/div><div class=\"n2-ss-layer n2-ow n-uc-dmDsrviWx4EJ\" style=\"overflow:hidden;\" data-pm=\"normal\" data-animv2=\"{&quot;basic&quot;:{&quot;in&quot;:{&quot;keyFrames&quot;:[{&quot;delay&quot;:1.2,&quot;opacity&quot;:0,&quot;x&quot;:&quot;20&quot;}]}}}\" data-sstype=\"layer\" data-animatableselector=\".n2-ss-layer-mask\"><div class=\"n2-ss-layer-mask n2-ss-layer-wrapper\"><div id=\"n2-ss-52item4\" class=\"n2-font-db33a1ed27571bc43f266eea788ca6b8-hover   n2-ss-item-content n2-ss-text n2-ow\" style=\"display:block;white-space:nowrap;\">150\u20ac\/ 90 mn<br><\/div><\/div><\/div><\/div><\/div><\/div><\/div><\/div><div class=\"n2-ss-layer n2-ow n2-ss-layer--auto n2-ss-has-self-align n-uc-08z01XcymEX1\" data-pm=\"normal\" data-sstype=\"row\"><div class=\"n2-ss-layer-row n2-ss-layer-with-background n-uc-08z01XcymEX1-inner\"><div class=\"n2-ss-layer-row-inner \"><div class=\"n2-ss-layer n2-ow n-uc-bmqWojBdkvRT\" data-pm=\"default\" data-sstype=\"col\"><div class=\"n2-ss-layer-col n2-ss-layer-with-background n2-ss-layer-content n-uc-bmqWojBdkvRT-inner\"><div class=\"n2-ss-layer n2-ow n-uc-x1t7yWMwXyc2 n2-ss-layer--auto\" data-pm=\"normal\" data-animv2=\"{&quot;basic&quot;:{&quot;in&quot;:{&quot;keyFrames&quot;:[{&quot;delay&quot;:1.7,&quot;opacity&quot;:0,&quot;x&quot;:&quot;-20&quot;}]}}}\" data-sstype=\"layer\"><div class=\"n2-ss-button-container n2-ss-item-content n2-ow n2-font-b4f9fc1ef50c71e07a5f38243c408b73-link  n2-ss-button-container--non-full-width\"><a class=\"n2-style-86430d1f417951e213c97fcd3223c9d3-heading  n2-ow \" href=\"https:\/\/www.rdv360.com\/les-soins-de-camargue\"><div><div>PRENDRE RENDEZ-VOUS aux soins de camargue<\/div><\/div><\/a><\/div><\/div><\/div><\/div><div class=\"n2-ss-layer n2-ow n-uc-SRocAwCjKvce\" data-pm=\"default\" data-sstype=\"col\"><div class=\"n2-ss-layer-col n2-ss-layer-with-background n2-ss-layer-content n-uc-SRocAwCjKvce-inner\"><div class=\"n2-ss-layer n2-ow n-uc-23JAoFbSTCYw n2-ss-layer--auto\" data-pm=\"normal\" data-animv2=\"{&quot;basic&quot;:{&quot;in&quot;:{&quot;keyFrames&quot;:[{&quot;delay&quot;:1.9,&quot;opacity&quot;:0,&quot;x&quot;:&quot;-20&quot;}]}}}\" data-sstype=\"layer\"><div class=\"n2-ss-button-container n2-ss-item-content n2-ow n2-font-196f9343a85cf5de91eb76ac98f6332d-link  n2-ss-nowrap n2-ss-button-container--non-full-width\"><a data-iconplacement=\"left\" class=\"n2-style-04b3ea91f8924e50539717b85ece1346-heading  n2-ow \" href=\"https:\/\/soinsdecamargue.fr\/index.php\/plaisir-doffrir-2\/\"><div><span class=\"n2i lnr lnr-gift\" style=\"font-size:100%;margin-right:0.5em;\"><\/span><div>OFFRIR<\/div><\/div><\/a><\/div><\/div><\/div><\/div><\/div><\/div><\/div><\/div><\/div><\/div><\/div><\/div>                    <\/div>\r\n\r\n                                    <\/div>\r\n            <\/div>\r\n        <\/div>\r\n        <\/div><ss3-loader><\/ss3-loader><\/div><\/div><div class=\"n2_clear\"><\/div><\/div>\n\n\n<p class=\"has-text-align-center has-small-font-size\"><br><\/p>\n\n\n\n<p class=\"has-text-align-center has-text-color has-link-color wp-elements-5f137348df9e310ce086f0eead7c547b\" style=\"color:#beaa8e\"><br><em>Le massage \u00e0 la bougie, c\u2019est la garantie d\u2019un soin tout en sensations&nbsp;: <\/em><\/p>\n\n\n\n<p class=\"has-text-align-center has-small-font-size\">l\u2019\u00e9nergie apport\u00e9e par la lumi\u00e8re de la flamme, le parfum apaisant d\u00e9gag\u00e9 par la cire fondante, la chaleur enveloppante de l\u2019huile-cr\u00e8me.<\/p>\n\n\n\n<p class=\"has-text-align-center\" style=\"font-size:14px\"><strong><em>Id\u00e9al en toute saison, pour un l\u00e2cher-prise total&nbsp;!<\/em><\/strong><\/p>\n\n\n\n\n\n\n\n\n\n\n\n\n\n\n\n\n\n\n\n\n\n\n<div class=\"n2-section-smartslider fitvidsignore  n2_clear\" data-ssid=\"80\" tabindex=\"0\" role=\"region\" aria-label=\"Slider\"><div id=\"n2-ss-80-align\" class=\"n2-ss-align\"><div class=\"n2-padding\"><div id=\"n2-ss-80\" data-creator=\"Smart Slider 3\" data-responsive=\"fullwidth\" class=\"n2-ss-slider n2-ow n2-has-hover n2notransition  \">\r\n        <div class=\"n2-ss-slider-1 n2_ss__touch_element n2-ow\">\r\n            <div class=\"n2-ss-slider-2 n2-ow\">\r\n                                                <div class=\"n2-ss-slider-3 n2-ow\">\r\n\r\n                    <div class=\"n2-ss-slide-backgrounds n2-ow-all\"><div class=\"n2-ss-slide-background\" data-public-id=\"1\" data-mode=\"fill\"><div data-color=\"RGBA(255,255,255,1)\" style=\"background-color: RGBA(255,255,255,1);\" class=\"n2-ss-slide-background-color\"><\/div><\/div><\/div>                    <div class=\"n2-ss-slider-4 n2-ow\">\r\n                        <svg xmlns=\"http:\/\/www.w3.org\/2000\/svg\" viewBox=\"0 0 1200 300\" data-related-device=\"desktopPortrait\" class=\"n2-ow n2-ss-preserve-size n2-ss-preserve-size--slider n2-ss-slide-limiter\"><\/svg><div data-first=\"1\" data-slide-duration=\"0\" data-id=\"175\" data-slide-public-id=\"1\" data-title=\"Slide 1\" class=\"n2-ss-slide n2-ow  n2-ss-slide-175\"><div role=\"note\" class=\"n2-ss-slide--focus\" tabindex=\"-1\">Slide 1<\/div><div class=\"n2-ss-layers-container n2-ss-slide-limiter n2-ow\"><div class=\"n2-ss-layer n2-ow n-uc-YrU9BEZmYs83\" data-sstype=\"slide\" data-pm=\"default\"><div class=\"n2-ss-layer n2-ow n-uc-wC66J1xm57M5\" data-pm=\"default\" data-sstype=\"content\" data-hasbackground=\"0\"><div class=\"n2-ss-section-main-content n2-ss-layer-with-background n2-ss-layer-content n2-ow n-uc-wC66J1xm57M5-inner\"><div class=\"n2-ss-layer n2-ow n2-ss-layer--block n2-ss-has-self-align n-uc-kyg7xwNXgwHI\" data-pm=\"normal\" data-sstype=\"row\"><div class=\"n2-ss-layer-row n2-ss-layer-with-background n-uc-kyg7xwNXgwHI-inner\"><div class=\"n2-ss-layer-row-inner \"><div class=\"n2-ss-layer n2-ow n-uc-v5dsbRF8Jvi4\" data-pm=\"default\" data-sstype=\"col\"><div class=\"n2-ss-layer-col n2-ss-layer-with-background n2-ss-layer-content n-uc-v5dsbRF8Jvi4-inner\"><div class=\"n2-ss-layer n2-ow n-uc-cacqUuaxlEXI\" data-pm=\"normal\" data-sstype=\"layer\"><div id=\"n2-ss-80item1\" class=\"n2-ss-highlighted-heading-wrapper n2-font-3a6dd4247fd225d4bf993e136d84d0cd-highlight  n2-style-8edb89cbf089d9f635432dd9353ca14a-highlight  n2-ss-item-content n2-ss-text n2-ow\"><div class=\"n2-ss-highlighted-heading-before\">Trouvez votre praticienne en massage de Lumi\u00e8re<\/div><\/div><\/div><div class=\"n2-ss-layer n2-ow n-uc-EllrqyTPAeBk n2-ss-layer--auto\" data-pm=\"normal\" data-animv2=\"{&quot;specialZero&quot;:0,&quot;basic&quot;:{&quot;in&quot;:{&quot;keyFrames&quot;:[{&quot;delay&quot;:1,&quot;opacity&quot;:0,&quot;x&quot;:&quot;50&quot;}]}}}\" data-click=\"n2ss.trigger(e.currentTarget, 'start');\" data-sstype=\"layer\"><div class=\"n2-ss-button-container n2-ss-item-content n2-ow n2-font-9b55196e77e756c42967bda65ab8ae9a-link  n2-ss-nowrap n2-ss-button-container--non-full-width\"><a class=\"n2-style-5986c805ae6a6f23d3d89faba2598a96-heading  n2-ow \" href=\"https:\/\/oliviatalmantcollection.fr\/index.php\/praticiennes-en-massage-de-lumiere\/\"><div><div>EN SAVOIR +<\/div><\/div><\/a><\/div><\/div><\/div><\/div><\/div><\/div><\/div><\/div><\/div><\/div><\/div><\/div>                    <\/div>\r\n\r\n                                    <\/div>\r\n            <\/div>\r\n        <\/div>\r\n        <\/div><ss3-loader><\/ss3-loader><\/div><\/div><div class=\"n2_clear\"><\/div><\/div>\n\n\n<hr class=\"wp-block-separator has-alpha-channel-opacity is-style-dots\"\/>\n\n\n<div class=\"n2-section-smartslider fitvidsignore \" data-ssid=\"54\" tabindex=\"0\" role=\"region\" aria-label=\"Slider\"><div id=\"n2-ss-54-align\" class=\"n2-ss-align\"><div class=\"n2-padding\"><div id=\"n2-ss-54\" data-creator=\"Smart Slider 3\" data-responsive=\"auto\" class=\"n2-ss-slider n2-ow n2-has-hover n2notransition  n2-ss-feature-post-bg-loader\">\r\n        <div class=\"n2-ss-slider-1 n2_ss__touch_element n2-ow\" style=\"border-top-right-radius: 5px;\r\nborder-top-left-radius: 5px;\r\nz-index: 1;\r\noverflow: hidden;\">\r\n            <div class=\"n2-ss-slider-2 n2-ow\">\r\n                                                    <div class=\"n2-ss-background-animation n2-ow\"><\/div>\r\n                                <div class=\"n2-ss-slider-3 n2-ow\">\r\n\r\n                    <div class=\"n2-ss-slide-backgrounds n2-ow-all\"><div class=\"n2-ss-slide-background\" data-public-id=\"1\" data-mode=\"fit\"><div class=\"n2-ss-slide-background-image\" data-blur=\"0\" data-opacity=\"78\" data-x=\"36\" data-y=\"43\" data-alt=\"\" data-title=\"\" style=\"opacity:0.78;--ss-o-pos-x:36%;--ss-o-pos-y:43%\"><picture class=\"skip-lazy jetpack-lazy-image\" data-skip-lazy=\"1\"><img decoding=\"async\" src=\"\/\/oliviatalmantcollection.fr\/wp-content\/uploads\/2023\/11\/1.jpeg\" alt=\"\" title=\"\" loading=\"lazy\" class=\"skip-lazy jetpack-lazy-image\" data-skip-lazy=\"1\"><\/picture><\/div><div data-color=\"RGBA(255,255,255,1)\" style=\"background-color: RGBA(255,255,255,1);\" class=\"n2-ss-slide-background-color\"><\/div><\/div><\/div>                    <div class=\"n2-ss-slider-4 n2-ow\">\r\n                        <svg xmlns=\"http:\/\/www.w3.org\/2000\/svg\" viewBox=\"0 0 1200 600\" data-related-device=\"desktopPortrait\" class=\"n2-ow n2-ss-preserve-size n2-ss-preserve-size--slider n2-ss-slide-limiter\"><\/svg><div data-first=\"1\" data-slide-duration=\"0\" data-id=\"113\" data-slide-public-id=\"1\" data-title=\"Cadre boutique\" class=\"n2-ss-slide n2-ow  n2-ss-slide-113\"><div role=\"note\" class=\"n2-ss-slide--focus\" tabindex=\"-1\">Cadre boutique<\/div><div class=\"n2-ss-layers-container n2-ss-slide-limiter n2-ow\"><div class=\"n2-ss-layer n2-ow n-uc-2GvTFVEVywCu\" data-sstype=\"slide\" data-pm=\"default\"><div class=\"n2-ss-layer n2-ow n-uc-UGswSrbSnB6r\" data-pm=\"default\" data-sstype=\"content\" data-hasbackground=\"0\"><div class=\"n2-ss-section-main-content n2-ss-layer-with-background n2-ss-layer-content n2-ow n-uc-UGswSrbSnB6r-inner\"><div class=\"n2-ss-layer n2-ow n-uc-vvBbaHnDngHR\" data-pm=\"normal\" data-animv2=\"{&quot;basic&quot;:{&quot;in&quot;:{&quot;keyFrames&quot;:[{&quot;duration&quot;:0.65,&quot;opacity&quot;:0,&quot;x&quot;:&quot;-50&quot;}]}}}\" data-sstype=\"layer\"><div class=\"n2-ss-item-content n2-ss-text n2-ow-all\"><div class=\"\"><p class=\"n2-font-71824d41114757aa8cbf59e034d883c6-paragraph   \">Bougie de soin<br \/>\nla divine marine<\/p>\n<\/div><\/div><\/div><div class=\"n2-ss-layer n2-ow n-uc-eSr0IZpJqKcz\" data-pm=\"normal\" data-animv2=\"{&quot;basic&quot;:{&quot;in&quot;:{&quot;keyFrames&quot;:[{&quot;duration&quot;:0.65,&quot;delay&quot;:0.1,&quot;opacity&quot;:0,&quot;x&quot;:&quot;-50&quot;}]}}}\" data-sstype=\"layer\"><div class=\"n2-ss-item-content n2-ss-text n2-ow-all\"><div class=\"\"><p class=\"n2-font-76dd40ce2cc469bc271f7ae0f89b5806-paragraph   \">La bougie La Divine Marine \u2013 Collection Olivia Talmant<br \/>\nest disponible \u00e0 l\u2019achat directement \u00e0 l&#8217;institut les Soins de Camargue et sur la boutique en ligne, pour faire plaisir ou pour se faire plaisir.<\/p>\n<\/div><\/div><\/div><div class=\"n2-ss-layer n2-ow n2-ss-layer--auto n2-ss-has-self-align n-uc-rob0LlyBjaaG\" data-pm=\"normal\" data-sstype=\"row\"><div class=\"n2-ss-layer-row n2-ss-layer-with-background n-uc-rob0LlyBjaaG-inner\"><div class=\"n2-ss-layer-row-inner \"><div class=\"n2-ss-layer n2-ow n-uc-TprTXZJDWhGK\" data-pm=\"default\" data-sstype=\"col\"><div class=\"n2-ss-layer-col n2-ss-layer-with-background n2-ss-layer-content n-uc-TprTXZJDWhGK-inner\"><div class=\"n2-ss-layer n2-ow n-uc-5UK5T8F9bp5A n2-ss-layer--auto\" data-pm=\"normal\" data-animv2=\"{&quot;basic&quot;:{&quot;in&quot;:{&quot;keyFrames&quot;:[{&quot;delay&quot;:1.7,&quot;opacity&quot;:0,&quot;x&quot;:&quot;-20&quot;}]}}}\" data-sstype=\"layer\"><div class=\"n2-ss-button-container n2-ss-item-content n2-ow n2-font-c4f3b855dbc8962db9cb454d14b1ce22-link  n2-ss-nowrap n2-ss-button-container--non-full-width\"><a class=\"n2-style-d533dbe82a446a861ef410987c1829f2-heading  n2-ow \" href=\"https:\/\/oliviatalmantcollection.fr\/index.php\/produit\/bougie-de-soin-massage-la-divine-marine\/\"><div><div>boutique EN LIGNE<\/div><\/div><\/a><\/div><\/div><\/div><\/div><div class=\"n2-ss-layer n2-ow n-uc-nGJLAfHCGkqi\" data-pm=\"default\" data-sstype=\"col\"><div class=\"n2-ss-layer-col n2-ss-layer-with-background n2-ss-layer-content n-uc-nGJLAfHCGkqi-inner\"><div class=\"n2-ss-layer n2-ow n-uc-btz07PT1F1Eh n2-ss-layer--auto\" data-pm=\"normal\" data-animv2=\"{&quot;basic&quot;:{&quot;in&quot;:{&quot;keyFrames&quot;:[{&quot;delay&quot;:1.9,&quot;opacity&quot;:0,&quot;x&quot;:&quot;-20&quot;}]}}}\" data-sstype=\"layer\"><div class=\"n2-ss-button-container n2-ss-item-content n2-ow n2-font-c7d05cc327c3f6fe49f0461a431bccc8-link  n2-ss-nowrap n2-ss-button-container--non-full-width\"><a data-iconplacement=\"left\" class=\"n2-style-073f04c786bed9f2898e5b8b2c661565-heading  n2-ow \" href=\"https:\/\/soinsdecamargue.fr\/index.php\/plaisir-doffrir-2\/\"><div><span class=\"n2i lnr lnr-gift\" style=\"font-size:100%;margin-right:0.5em;\"><\/span><div>OFFRIR<\/div><\/div><\/a><\/div><\/div><\/div><\/div><\/div><\/div><\/div><\/div><\/div><\/div><\/div><\/div>                    <\/div>\r\n\r\n                                    <\/div>\r\n            <\/div>\r\n        <\/div>\r\n        <\/div><ss3-loader><\/ss3-loader><\/div><\/div><div class=\"n2_clear\"><\/div><\/div>\n\n\n\n\n<p class=\"has-text-align-center has-small-font-size\"><br>La bougie Divine Marine \u2013 Collection Olivia Talmant est \u00e9galement disponible \u00e0 l\u2019achat en boutique, pour faire plaisir ou pour se faire plaisir.<\/p>\n","protected":false},"excerpt":{"rendered":"<p>MASSAGE ENERGETIQUE A LA BOUGIE LA DIVINE MARINE &#8211; COLLECTION OLIVIA TALMANT- Bleu est l\u2019horizon\u2026 Embarquez pour un voyage sensoriel unique autour de S\u00e8te et de la Petite Camargue.J\u2019ai cr\u00e9\u00e9 &hellip; <\/p>\n","protected":false},"author":1,"featured_media":162,"parent":0,"menu_order":0,"comment_status":"closed","ping_status":"closed","template":"","meta":{"footnotes":""},"class_list":["post-71","page","type-page","status-publish","has-post-thumbnail","hentry","latest_post"],"jetpack_sharing_enabled":true,"_links":{"self":[{"href":"https:\/\/oliviatalmantcollection.fr\/index.php\/wp-json\/wp\/v2\/pages\/71","targetHints":{"allow":["GET"]}}],"collection":[{"href":"https:\/\/oliviatalmantcollection.fr\/index.php\/wp-json\/wp\/v2\/pages"}],"about":[{"href":"https:\/\/oliviatalmantcollection.fr\/index.php\/wp-json\/wp\/v2\/types\/page"}],"author":[{"embeddable":true,"href":"https:\/\/oliviatalmantcollection.fr\/index.php\/wp-json\/wp\/v2\/users\/1"}],"replies":[{"embeddable":true,"href":"https:\/\/oliviatalmantcollection.fr\/index.php\/wp-json\/wp\/v2\/comments?post=71"}],"version-history":[{"count":47,"href":"https:\/\/oliviatalmantcollection.fr\/index.php\/wp-json\/wp\/v2\/pages\/71\/revisions"}],"predecessor-version":[{"id":1005,"href":"https:\/\/oliviatalmantcollection.fr\/index.php\/wp-json\/wp\/v2\/pages\/71\/revisions\/1005"}],"wp:featuredmedia":[{"embeddable":true,"href":"https:\/\/oliviatalmantcollection.fr\/index.php\/wp-json\/wp\/v2\/media\/162"}],"wp:attachment":[{"href":"https:\/\/oliviatalmantcollection.fr\/index.php\/wp-json\/wp\/v2\/media?parent=71"}],"curies":[{"name":"wp","href":"https:\/\/api.w.org\/{rel}","templated":true}]}}