{"id":78,"date":"2023-10-27T11:11:16","date_gmt":"2023-10-27T09:11:16","guid":{"rendered":"https:\/\/oliviatalmantcollection.fr\/?page_id=78"},"modified":"2026-02-11T22:56:19","modified_gmt":"2026-02-11T21:56:19","slug":"qui-suis-je","status":"publish","type":"page","link":"https:\/\/oliviatalmantcollection.fr\/index.php\/qui-suis-je\/","title":{"rendered":"QUI SUIS-JE ?"},"content":{"rendered":"\n\n\n\n\n\n\n\n\n\n\n\n\n\n\n\n\n\n\n\n<div class=\"n2_clear\"><ss3-force-full-width data-overflow-x=\"body\" data-horizontal-selector=\"body\"><div class=\"n2-section-smartslider fitvidsignore  n2_clear\" data-ssid=\"72\" tabindex=\"0\" role=\"region\" aria-label=\"Slider\"><div id=\"n2-ss-72-align\" class=\"n2-ss-align\"><div class=\"n2-padding\"><div id=\"n2-ss-72\" data-creator=\"Smart Slider 3\" data-responsive=\"fullwidth\" class=\"n2-ss-slider n2-ow n2-has-hover n2notransition  n2-ss-feature-post-bg-loader\">\r\n        <div class=\"n2-ss-slider-1 n2_ss__touch_element n2-ow\">\r\n            <div class=\"n2-ss-slider-2 n2-ow\">\r\n                                                <div class=\"n2-ss-slider-3 n2-ow\">\r\n\r\n                    <div class=\"n2-ss-slide-backgrounds n2-ow-all\"><div class=\"n2-ss-slide-background\" data-public-id=\"1\" data-mode=\"fit\"><div class=\"n2-ss-slide-background-image\" data-blur=\"0\" data-opacity=\"100\" data-x=\"85\" data-y=\"52\" data-alt=\"\" data-title=\"\" style=\"--ss-o-pos-x:85%;--ss-o-pos-y:52%\"><picture class=\"skip-lazy jetpack-lazy-image\" data-skip-lazy=\"1\"><img decoding=\"async\" src=\"\/\/oliviatalmantcollection.fr\/wp-content\/uploads\/slider72\/img_76631.jpg\" alt=\"\" title=\"\" loading=\"lazy\" class=\"skip-lazy jetpack-lazy-image\" data-skip-lazy=\"1\"><\/picture><\/div><div data-color=\"RGBA(0,0,0,0)\" style=\"background-color: RGBA(0,0,0,0);\" class=\"n2-ss-slide-background-color\"><\/div><\/div><\/div>                    <div class=\"n2-ss-slider-4 n2-ow\">\r\n                        <svg xmlns=\"http:\/\/www.w3.org\/2000\/svg\" viewBox=\"0 0 1920 800\" data-related-device=\"desktopPortrait\" class=\"n2-ow n2-ss-preserve-size n2-ss-preserve-size--slider n2-ss-slide-limiter\"><\/svg><div data-first=\"1\" data-slide-duration=\"0\" data-id=\"156\" data-slide-public-id=\"1\" data-title=\"L'univers d'Olivia\" class=\"n2-ss-slide n2-ow  n2-ss-slide-156\"><div role=\"note\" class=\"n2-ss-slide--focus\" tabindex=\"-1\">L&#8217;univers d&#8217;Olivia<\/div><div class=\"n2-ss-layers-container n2-ss-slide-limiter n2-ow\"><div class=\"n2-ss-layer n2-ow n-uc-0hQ9AZX0RQfy\" data-sstype=\"slide\" data-pm=\"default\"><div class=\"n2-ss-layer n2-ow n-uc-GDfcD2xR6zb0\" data-pm=\"default\" data-sstype=\"content\" data-hasbackground=\"0\"><div class=\"n2-ss-section-main-content n2-ss-layer-with-background n2-ss-layer-content n2-ow n-uc-GDfcD2xR6zb0-inner\"><div class=\"n2-ss-layer n2-ow n2-ss-layer--block n2-ss-has-self-align n2-ss-stretch-layer n-uc-GB8an0W2R1vM\" data-pm=\"normal\" data-sstype=\"row\"><div class=\"n2-ss-layer-row n2-ss-layer-with-background n-uc-GB8an0W2R1vM-inner\"><div class=\"n2-ss-layer-row-inner \"><div class=\"n2-ss-layer n2-ow n-uc-Yt9I9Gmyx6c3\" data-pm=\"default\" data-sstype=\"col\"><div class=\"n2-ss-layer-col n2-ss-layer-with-background n2-ss-layer-content n-uc-Yt9I9Gmyx6c3-inner\"><div class=\"n2-ss-layer n2-ow n2-ss-layer--block n2-ss-has-self-align n2-ss-stretch-layer n-uc-w9qAJzURp5dB\" data-pm=\"normal\" data-sstype=\"row\"><div class=\"n2-ss-layer-row n2-ss-layer-with-background n-uc-w9qAJzURp5dB-inner\"><div class=\"n2-ss-layer-row-inner \"><div class=\"n2-ss-layer n2-ow n-uc-dDH2aYGx7LjG\" data-pm=\"default\" data-animv2=\"{&quot;basic&quot;:{&quot;in&quot;:{&quot;type&quot;:&quot;basic&quot;,&quot;name&quot;:&quot;Right&quot;,&quot;keyFrames&quot;:[{&quot;duration&quot;:0.6,&quot;opacity&quot;:0,&quot;x&quot;:&quot;-50&quot;}]}}}\" data-sstype=\"col\"><div class=\"n2-ss-layer-col n2-ss-layer-with-background n2-ss-layer-content n-uc-dDH2aYGx7LjG-inner\"><div class=\"n2-ss-layer n2-ow n-uc-10RUmhzYKiTp\" data-pm=\"normal\" data-sstype=\"layer\"><div id=\"n2-ss-72item1\" class=\"n2-font-ca411b52b5530e87bc31d58114967892-hover   n2-ss-item-content n2-ss-text n2-ow\" style=\"display:block;\">Fondatrice des Soins de Camargue <br>Cr\u00e9atrice de soins &amp; de bougies de massage<\/div><\/div><div class=\"n2-ss-layer n2-ow n-uc-FUdDS3NwgHOW\" data-pm=\"normal\" data-sstype=\"layer\"><div id=\"n2-ss-72item2\" class=\"n2-font-267bbca431c9196ff97caa7e54a6571e-hover   n2-ss-item-content n2-ss-text n2-ow\" style=\"display:block;\">Olivia TALMANT<\/div><\/div><div class=\"n2-ss-layer n2-ow n-uc-SXdEwNbhTOQh\" data-pm=\"normal\" data-sstype=\"layer\"><div id=\"n2-ss-72item3\" class=\"n2-font-586aecfb71e31b1a272b03bff9eb0591-hover   n2-ss-item-content n2-ss-text n2-ow\" style=\"display:block;\">-Fondatrice des Soins de Camargue<br>-Formatrice en Massage \u00e9nerg\u00e9tique<br>-Cr\u00e9atrice de Bougie de cosm\u00e9tique<br>-Esth\u00e9ticienne dipl\u00f4m\u00e9e d&#8217;\u00e9tat<br>-Facialiste<br>-Energ\u00e9ticienne<br>-Sp\u00e9cialiste dans le soins sur-mesure holistique<br>-Naturo-esth\u00e9ticienne<br>-Professionnel de Sant\u00e9<\/div><\/div><div class=\"n2-ss-layer n2-ow n-uc-kzFLLs1FEXfJ n2-ss-layer--auto\" data-pm=\"normal\" data-sstype=\"layer\"><div class=\"n2-ss-button-container n2-ss-item-content n2-ow n2-font-267ca36fc10ac100b6f8f4108d5398d8-link  n2-ss-nowrap n2-ss-button-container--non-full-width\"><a data-iconplacement=\"right\" class=\"n2-style-9c84cfbbd9229adf1ebc064f64f39f4a-heading  n2-ow \" href=\"https:\/\/oliviatalmantcollection.fr\/index.php\/diplomes-certifications\/\"><div><div>Dipl\u00f4mes &amp; certifications<\/div><span class=\"n2i nfa nfa-chevron-right\" style=\"font-size:100%;margin-left:0.3em;\"><\/span><\/div><\/a><\/div><\/div><\/div><\/div><\/div><\/div><\/div><\/div><\/div><\/div><\/div><\/div><\/div><\/div><\/div><\/div><\/div>                    <\/div>\r\n\r\n                                    <\/div>\r\n            <\/div>\r\n        <\/div>\r\n        <\/div><ss3-loader><\/ss3-loader><\/div><\/div><div class=\"n2_clear\"><\/div><\/div><\/ss3-force-full-width><\/div>\n\n\n<div style=\"height:62px\" aria-hidden=\"true\" class=\"wp-block-spacer\"><\/div>\n\n\n\n<hr class=\"wp-block-separator has-alpha-channel-opacity\"\/>\n\n\n\n<p><strong>Les Soins de Camargue, c\u2019est avant tout l\u2019histoire d\u2019une renaissance.<\/strong><\/p>\n\n\n\n<div class=\"wp-block-group alignwide has-small-font-size\"><div class=\"wp-block-group__inner-container is-layout-constrained wp-block-group-is-layout-constrained\">\n<p class=\"has-text-align-center\">Pendant plus de 25 ans, j\u2019ai exerc\u00e9 le m\u00e9tier de pr\u00e9paratrice en pharmacie.<\/p>\n\n\n\n<p class=\"has-text-align-center\">Une profession \u00e0 l\u2019\u00e9coute des patients, des personnes \u00e0 la recherche de leurs traitements m\u00e9dicamenteux et de conseils pour comprendre et soulager leurs maux.<\/p>\n\n\n\n<p class=\"has-text-align-center\">Parfois m\u00eame, elles cherchaient simplement <strong>une oreille attentive \u00e0 leurs besoins.<\/strong><\/p>\n\n\n\n<p class=\"has-text-align-center\">Depuis l\u2019enfance, je savais que j\u2019avais une profonde empathie et que je voulais \u00ab faire le bien \u00bb. Passionn\u00e9e d\u2019aromath\u00e9rapie et de phytoth\u00e9rapie, j\u2019ai \u00e9cout\u00e9 et conseill\u00e9 des centaines d\u2019hommes et de femmes pendant des ann\u00e9es.<\/p>\n\n\n\n<p class=\"has-text-align-center\">Mais il y avait toujours <strong>un comptoir entre eux et moi<\/strong>, une distance professionnelle obligatoire dans ce m\u00e9tier.<\/p>\n\n\n\n<p class=\"has-text-align-center\">Petit \u00e0 petit, je me suis \u00e9tiol\u00e9e dans l\u2019officine, submerg\u00e9e par les malheurs des uns et des autres.<\/p>\n\n\n\n<p class=\"has-text-align-center\">Et un jour, <strong>c\u2019est mon propre corps qui m\u2019a alert\u00e9e de ma souffrance.<\/strong><\/p>\n\n\n\n<p class=\"has-text-align-center\">Pour moi, ce fut <strong>un d\u00e9clic.<\/strong><\/p>\n\n\n\n<p class=\"has-text-align-center\">Fondamentalement convaincue que <strong>bien-\u00eatre mental et bien-\u00eatre physique sont intimement li\u00e9s<\/strong>, je me suis passionn\u00e9e pour tout ce qui touchait au corps.<br>Je me suis form\u00e9e, j\u2019ai approfondi, exp\u00e9riment\u00e9, cherch\u00e9 \u00e0 comprendre diff\u00e9remment\u2026 avant de fonder <strong>Les Soins de Camargue<\/strong>.<\/p>\n\n\n\n<p class=\"has-text-align-center\">C\u2019est un clin d\u2019\u0153il \u00e0 la r\u00e9gion de mon enfance \u00e0 laquelle je suis tr\u00e8s attach\u00e9e, mais aussi une volont\u00e9 d\u2019amener <strong>de la chaleur, du soleil et de la lumi\u00e8re dans chacun de mes soins.<\/strong><\/p>\n\n\n\n<p class=\"has-text-align-center\">Cet institut, je l\u2019ai voulu comme <strong>une bulle de s\u00e9r\u00e9nit\u00e9 et de douceur.<\/strong><br>Une parenth\u00e8se hors du temps permettant \u00e0 chacun de s\u2019exprimer sur ses besoins, de se sentir \u00e9cout\u00e9 avec bienveillance et surtout\u2026 <strong>de l\u00e2cher prise.<\/strong><\/p>\n\n\n\n<p class=\"has-text-align-center\">Vous \u00eates unique.<br>Votre v\u00e9cu est unique.<\/p>\n\n\n\n<p class=\"has-text-align-center\">Par cons\u00e9quent, <strong>chaque soin est con\u00e7u sur mesure<\/strong>, avec des techniques cibl\u00e9es et des produits choisis sp\u00e9cifiquement pour votre peau, pour vous ressourcer totalement.<\/p>\n\n\n\n<hr class=\"wp-block-separator has-alpha-channel-opacity\"\/>\n\n\n\n<h3 class=\"wp-block-heading\"> <strong>La naissance du centre de formation<\/strong><\/h3>\n\n\n\n<p class=\"has-text-align-center\">Et puis, au fil des ann\u00e9es, une \u00e9vidence s\u2019est impos\u00e9e \u00e0 moi.<\/p>\n\n\n\n<p class=\"has-text-align-center\">Je recevais de plus en plus de demandes de praticiennes, d\u2019esth\u00e9ticiennes, de personnes en reconversion, qui souhaitaient comprendre ma mani\u00e8re de travailler, ma gestuelle, cette approche qui relie <strong>pr\u00e9cision du toucher et dimension \u00e9nerg\u00e9tique.<\/strong><\/p>\n\n\n\n<p class=\"has-text-align-center\">J\u2019ai alors compris que <strong>transmettre \u00e9tait la suite naturelle de mon parcours.<\/strong><\/p>\n\n\n\n<p class=\"has-text-align-center\">Si j\u2019avais moi-m\u00eame tant cherch\u00e9 une formation compl\u00e8te, structur\u00e9e, avec un v\u00e9ritable suivi humain\u2026<br>alors peut-\u00eatre que d\u2019autres avaient besoin de cela aussi.<\/p>\n\n\n\n<p class=\"has-text-align-center\">C\u2019est ainsi qu\u2019est n\u00e9 le centre de formation <strong>Olivia Talmant Collection<\/strong>.<\/p>\n\n\n\n<p class=\"has-text-align-center\">Un espace de transmission exigeant et profond\u00e9ment humain, o\u00f9 j\u2019enseigne non seulement un protocole, mais <strong>tout ce qui fait l\u2019excellence d\u2019un massage :<\/strong><\/p>\n\n\n\n<ul class=\"wp-block-list\">\n<li>La posture<\/li>\n\n\n\n<li>Le confort du client et du praticien<\/li>\n\n\n\n<li>Les d\u00e9tails invisibles qui transforment un soin en v\u00e9ritable exp\u00e9rience<\/li>\n\n\n\n<li>L\u2019int\u00e9gration subtile du travail \u00e9nerg\u00e9tique<\/li>\n<\/ul>\n\n\n\n<p class=\"has-text-align-center\">Parce que <strong>prendre soin est un art.<\/strong><br>Et transmettre cet art est devenu, pour moi, <strong>une \u00e9vidence.<\/strong><\/p>\n\n\n\n<p class=\"has-text-align-center\">Ici, le temps d\u2019une s\u00e9ance dans cet \u00e9crin doux et feutr\u00e9, vous accordez \u00e0 votre corps la douceur qu\u2019il m\u00e9rite et \u00e0 votre mental l\u2019apaisement dont il a besoin.<\/p>\n\n\n\n<p class=\"has-text-align-center\">Et pour celles et ceux qui souhaitent aller plus loin, apprendre et \u00e0 leur tour offrir ce bien-\u00eatre\u2026<br><strong>les portes du centre de formation leur sont \u00e9galement ouvertes.<\/strong><\/p>\n\n\n\n<p class=\"has-text-align-center has-small-font-size\">C\u2019est ce bien-\u00eatre que je vous invite aujourd\u2019hui \u00e0 d\u00e9couvrir en poussant les portes des Soins de Camargue.<\/p>\n<\/div><\/div>\n\n\n\n<div class=\"wp-block-group\"><div class=\"wp-block-group__inner-container is-layout-constrained wp-block-group-is-layout-constrained\"><\/div><\/div>\n","protected":false},"excerpt":{"rendered":"<p>Les Soins de Camargue, c\u2019est avant tout l\u2019histoire d\u2019une renaissance. Pendant plus de 25 ans, j\u2019ai exerc\u00e9 le m\u00e9tier de pr\u00e9paratrice en pharmacie. Une profession \u00e0 l\u2019\u00e9coute des patients, des &hellip; <\/p>\n","protected":false},"author":1,"featured_media":0,"parent":0,"menu_order":0,"comment_status":"closed","ping_status":"closed","template":"","meta":{"footnotes":""},"class_list":["post-78","page","type-page","status-publish","hentry","latest_post"],"jetpack_sharing_enabled":true,"_links":{"self":[{"href":"https:\/\/oliviatalmantcollection.fr\/index.php\/wp-json\/wp\/v2\/pages\/78","targetHints":{"allow":["GET"]}}],"collection":[{"href":"https:\/\/oliviatalmantcollection.fr\/index.php\/wp-json\/wp\/v2\/pages"}],"about":[{"href":"https:\/\/oliviatalmantcollection.fr\/index.php\/wp-json\/wp\/v2\/types\/page"}],"author":[{"embeddable":true,"href":"https:\/\/oliviatalmantcollection.fr\/index.php\/wp-json\/wp\/v2\/users\/1"}],"replies":[{"embeddable":true,"href":"https:\/\/oliviatalmantcollection.fr\/index.php\/wp-json\/wp\/v2\/comments?post=78"}],"version-history":[{"count":20,"href":"https:\/\/oliviatalmantcollection.fr\/index.php\/wp-json\/wp\/v2\/pages\/78\/revisions"}],"predecessor-version":[{"id":2568,"href":"https:\/\/oliviatalmantcollection.fr\/index.php\/wp-json\/wp\/v2\/pages\/78\/revisions\/2568"}],"wp:attachment":[{"href":"https:\/\/oliviatalmantcollection.fr\/index.php\/wp-json\/wp\/v2\/media?parent=78"}],"curies":[{"name":"wp","href":"https:\/\/api.w.org\/{rel}","templated":true}]}}