{"id":123,"date":"2023-10-27T17:40:34","date_gmt":"2023-10-27T15:40:34","guid":{"rendered":"https:\/\/oliviatalmantcollection.fr\/?post_type=product&#038;p=123"},"modified":"2025-04-02T14:04:34","modified_gmt":"2025-04-02T12:04:34","slug":"bougie-de-soin-massage-la-divine-marine","status":"publish","type":"product","link":"https:\/\/oliviatalmantcollection.fr\/index.php\/produit\/bougie-de-soin-massage-la-divine-marine\/","title":{"rendered":"Bougie la divine Marine"},"content":{"rendered":"<p class=\"elementor-image-box-description\"><span style=\"font-size: 10pt; font-family: arial, helvetica, sans-serif;\">La Bougie de massage ne contient ni conservateur* ni paraffine.<\/span><br \/>\n<span style=\"font-size: 10pt; font-family: arial, helvetica, sans-serif;\">Elle est compos\u00e9e de mati\u00e8res premi\u00e8res naturelles : m\u00e9lange d&#8217;huile de soja, d&#8217;huile de coco et de cire d&#8217;abeille, etc.<\/span><\/p>\n<div class=\"elementor-element elementor-element-akvxiqi elementor-widget elementor-widget-heading\" data-id=\"akvxiqi\" data-element_type=\"widget\" data-widget_type=\"heading.default\">\n<div class=\"elementor-widget-container\">\n<h3 class=\"elementor-heading-title elementor-size-default\"><span style=\"text-decoration: underline; font-size: 10pt; font-family: arial, helvetica, sans-serif;\"><em><strong>UNE UTILISATION SIMPLE EN 5 \u00c9TAPES :<\/strong><\/em><\/span><\/h3>\n<\/div>\n<\/div>\n<div class=\"elementor-element elementor-element-yf8x0n0 elementor-widget elementor-widget-text-editor\" data-id=\"yf8x0n0\" data-element_type=\"widget\" data-widget_type=\"text-editor.default\">\n<div class=\"elementor-widget-container\">\n<div class=\"elementor-text-editor elementor-clearfix\">\n<ol>\n<li><span style=\"font-family: arial, helvetica, sans-serif;\"><em><span style=\"font-size: 10pt;\">Faire br\u00fbler la bougie<\/span><\/em><\/span><\/li>\n<li><span style=\"font-family: arial, helvetica, sans-serif;\"><em><span style=\"font-size: 10pt;\">Attendre que la cire devienne liquide<\/span><\/em><\/span><\/li>\n<li><span style=\"font-family: arial, helvetica, sans-serif;\"><em><span style=\"font-size: 10pt;\">Eteindre la bougie<\/span><\/em><\/span><\/li>\n<li><span style=\"font-family: arial, helvetica, sans-serif;\"><em><span style=\"font-size: 10pt;\">Appliquer la cire sur la peau (apr\u00e8s contr\u00f4le de la temp\u00e9rature)<\/span><\/em><\/span><\/li>\n<li><span style=\"font-family: arial, helvetica, sans-serif;\"><em><span style=\"font-size: 10pt;\">Masser<\/span><\/em><\/span><\/li>\n<\/ol>\n<\/div>\n<\/div>\n<\/div>\n","protected":false},"excerpt":{"rendered":"<p>&nbsp;<\/p>\n<p><strong><span style=\"font-size: 12pt;\"><em><span style=\"font-family: arial, helvetica, sans-serif;\"><span style=\"font-family: arial, helvetica, sans-serif; font-size: 10pt;\">Pot de 170g<img loading=\"lazy\" decoding=\"async\" class=\"alignnone size-medium wp-image-609\" src=\"https:\/\/oliviatalmantcollection.fr\/wp-content\/uploads\/2023\/10\/1-1-300x169.jpeg\" alt=\"\" width=\"300\" height=\"169\" srcset=\"https:\/\/oliviatalmantcollection.fr\/wp-content\/uploads\/2023\/10\/1-1-300x169.jpeg 300w, https:\/\/oliviatalmantcollection.fr\/wp-content\/uploads\/2023\/10\/1-1-1024x576.jpeg 1024w, https:\/\/oliviatalmantcollection.fr\/wp-content\/uploads\/2023\/10\/1-1-768x432.jpeg 768w, https:\/\/oliviatalmantcollection.fr\/wp-content\/uploads\/2023\/10\/1-1-1536x864.jpeg 1536w, https:\/\/oliviatalmantcollection.fr\/wp-content\/uploads\/2023\/10\/1-1-2048x1152.jpeg 2048w, https:\/\/oliviatalmantcollection.fr\/wp-content\/uploads\/2023\/10\/1-1-107x60.jpeg 107w, https:\/\/oliviatalmantcollection.fr\/wp-content\/uploads\/2023\/10\/1-1-1320x743.jpeg 1320w, https:\/\/oliviatalmantcollection.fr\/wp-content\/uploads\/2023\/10\/1-1-600x338.jpeg 600w\" sizes=\"auto, (max-width: 300px) 100vw, 300px\" \/><\/span><\/span><\/em><\/span><\/strong><\/p>\n<p><strong><span style=\"font-size: 12pt;\"><em><span style=\"font-family: arial, helvetica, sans-serif;\">Bougie de soin pour le corps, de massage &amp; d&#8217;ambiance <\/span><\/em><\/span><\/strong><\/p>\n<p><span style=\"font-family: arial, helvetica, sans-serif; font-size: 10pt;\">J\u2019ai \u00e9labor\u00e9 pour vous une cire \u00e0 la formule naturelle sans conservateur \u00e0 base de cire naturelle, qui se transforme en une huile-cr\u00e8me fondante et ultra <\/span><span style=\"font-family: arial, helvetica, sans-serif; font-size: 10pt;\">nourrissante.<\/span><\/p>\n<p><span style=\"font-family: arial, helvetica, sans-serif;\"><span style=\"font-size: 10pt;\">J\u2019ai choisi des fragrances aquatiques, \u00e9voquant le bord de mer, le vent salin, le sable chauff\u00e9 au <\/span><span style=\"font-size: 10pt;\">soleil, associ\u00e9es \u00e0 quelques notes florales et m\u00e9diterran\u00e9ennes.<\/span><\/span><\/p>\n<p><span style=\"font-family: arial, helvetica, sans-serif; font-size: 10pt;\">Fabriqu\u00e9 en France<\/span><\/p>\n","protected":false},"featured_media":418,"template":"","meta":[],"product_cat":[17],"product_tag":[],"class_list":{"0":"post-123","1":"product","2":"type-product","3":"status-publish","4":"has-post-thumbnail","6":"product_cat-bougie-la-divine-marine","7":"latest_post","9":"first","10":"instock","11":"purchasable","12":"product-type-simple"},"jetpack_sharing_enabled":true,"_links":{"self":[{"href":"https:\/\/oliviatalmantcollection.fr\/index.php\/wp-json\/wp\/v2\/product\/123","targetHints":{"allow":["GET"]}}],"collection":[{"href":"https:\/\/oliviatalmantcollection.fr\/index.php\/wp-json\/wp\/v2\/product"}],"about":[{"href":"https:\/\/oliviatalmantcollection.fr\/index.php\/wp-json\/wp\/v2\/types\/product"}],"wp:featuredmedia":[{"embeddable":true,"href":"https:\/\/oliviatalmantcollection.fr\/index.php\/wp-json\/wp\/v2\/media\/418"}],"wp:attachment":[{"href":"https:\/\/oliviatalmantcollection.fr\/index.php\/wp-json\/wp\/v2\/media?parent=123"}],"wp:term":[{"taxonomy":"product_cat","embeddable":true,"href":"https:\/\/oliviatalmantcollection.fr\/index.php\/wp-json\/wp\/v2\/product_cat?post=123"},{"taxonomy":"product_tag","embeddable":true,"href":"https:\/\/oliviatalmantcollection.fr\/index.php\/wp-json\/wp\/v2\/product_tag?post=123"}],"curies":[{"name":"wp","href":"https:\/\/api.w.org\/{rel}","templated":true}]}}